{"id":328,"date":"2021-03-22T15:33:20","date_gmt":"2021-03-22T15:33:20","guid":{"rendered":"http:\/\/moc.biz.pl\/?page_id=328"},"modified":"2021-03-22T15:34:43","modified_gmt":"2021-03-22T15:34:43","slug":"328-2","status":"publish","type":"page","link":"https:\/\/moc.biz.pl\/?page_id=328&lang=en","title":{"rendered":"Privacy policy"},"content":{"rendered":"\n<p>Information on data processing<\/p>\n\n\n\n<p>Your personal data is administered by Zbigniew Mo\u017cd\u017ce\u0144 whose address is at 21 flat 1 Poniatowski Street, 37-500 Jaros\u0142aw, e-mail: iod@moc.biz.pl<\/p>\n\n\n\n<p>If you have any questions regarding your data, please contact the Data Protection Officer, e-mail iod@moc.biz.pl<\/p>\n\n\n\n<p>The data will be processed in order to provide services available on the websites on the basis of your consent.<br>The data may be made available to other entities for the purpose of correct and efficient performance of services and settlement of projects conducted by Zbigniew Mo\u017cd\u017ce\u0144.<\/p>\n\n\n\n<p>You have the right to access, correct, delete or limit the processing of your personal data.<br>You have the right to object to further processing and, if you agree to<br>the processing, to withdraw it. The exercise of the right to withdraw<br>consent shall not affect the processing that has taken place up to the<br>time of withdrawal of consent.<br>You also have the right to transfer data (in particular transaction history).<br>You have the right to lodge a complaint with a supervisory authority.<\/p>\n","protected":false},"excerpt":{"rendered":"<p>Information on data processing Your personal data is administered by Zbigniew Mo\u017cd\u017ce\u0144 whose address is at 21 flat 1 Poniatowski Street, 37-500 Jaros\u0142aw, e-mail: iod@moc.biz.pl If you have any questions regarding your data, please contact the Data Protection Officer, e-mail iod@moc.biz.pl The data will be processed in order to provide services available on the websites <\/p>\n<div class=\"read-more-text\"><a href=\"https:\/\/moc.biz.pl\/?page_id=328&#038;lang=en\" class=\"read-more\">continue reading<\/a><\/div>\n","protected":false},"author":1,"featured_media":0,"parent":0,"menu_order":0,"comment_status":"closed","ping_status":"open","template":"","meta":{"_monsterinsights_skip_tracking":false,"_monsterinsights_sitenote_active":false,"_monsterinsights_sitenote_note":"","_monsterinsights_sitenote_category":0,"footnotes":""},"class_list":["post-328","page","type-page","status-publish","hentry"],"aioseo_notices":[],"_links":{"self":[{"href":"https:\/\/moc.biz.pl\/index.php?rest_route=\/wp\/v2\/pages\/328","targetHints":{"allow":["GET"]}}],"collection":[{"href":"https:\/\/moc.biz.pl\/index.php?rest_route=\/wp\/v2\/pages"}],"about":[{"href":"https:\/\/moc.biz.pl\/index.php?rest_route=\/wp\/v2\/types\/page"}],"author":[{"embeddable":true,"href":"https:\/\/moc.biz.pl\/index.php?rest_route=\/wp\/v2\/users\/1"}],"replies":[{"embeddable":true,"href":"https:\/\/moc.biz.pl\/index.php?rest_route=%2Fwp%2Fv2%2Fcomments&post=328"}],"version-history":[{"count":2,"href":"https:\/\/moc.biz.pl\/index.php?rest_route=\/wp\/v2\/pages\/328\/revisions"}],"predecessor-version":[{"id":332,"href":"https:\/\/moc.biz.pl\/index.php?rest_route=\/wp\/v2\/pages\/328\/revisions\/332"}],"wp:attachment":[{"href":"https:\/\/moc.biz.pl\/index.php?rest_route=%2Fwp%2Fv2%2Fmedia&parent=328"}],"curies":[{"name":"wp","href":"https:\/\/api.w.org\/{rel}","templated":true}]}}