{"id":3,"date":"2021-03-17T19:42:41","date_gmt":"2021-03-17T19:42:41","guid":{"rendered":"http:\/?page_id=3"},"modified":"2021-03-18T15:24:11","modified_gmt":"2021-03-18T15:24:11","slug":"privacy-policy","status":"publish","type":"page","link":"https:\/\/moc.biz.pl\/?page_id=3","title":{"rendered":"Polityka prywatno\u015bci"},"content":{"rendered":"\n<p>Informacje o przetwarzaniu danych<\/p>\n\n\n\n<p>Administratorem Pani\/a danych osobowych jest Zbigniew Mo\u017cd\u017ce\u0144 zamieszka\u0142y przy ulicy Poniatowskiego 21 m. 1, 37-500 Jaros\u0142aw, e-mail: iod@moc.biz.pl<\/p>\n\n\n\n<p>W sprawach zwi\u0105zanych z Pani\/a danymi prosz\u0119 kontaktowa\u0107 si\u0119 z Inspektorem Ochrony Danych, e-mail iod@moc.biz.pl<\/p>\n\n\n\n<p>Dane b\u0119d\u0105 przetwarzane w celu wykonania us\u0142ug dost\u0119pnych w serwisach internetowych na podstawie Pani\/a zgody.<br>Dane mog\u0105 by\u0107 udost\u0119pniane innym podmiotom w celu prawid\u0142owej i sprawnej realizacji us\u0142ug oraz rozliczenia projekt\u00f3w prowadzonych przez Zbigniewa Mo\u017cd\u017ce\u0144.<\/p>\n\n\n\n<p>Ma Pan\/i prawo dost\u0119pu do swoich danych osobowych, ich sprostowania, usuni\u0119cia lub ograniczenia przetwarzania.<br>Ma Pan\/i prawo do wniesienia sprzeciwu wobec dalszego przetwarzania,<br>a w przypadku wyra\u017cenia zgody na przetwarzanie danych do jej wycofanie.<br>Skorzystanie prawa cofni\u0119cia zgody nie ma wp\u0142ywu na przetwarzanie,<br>kt\u00f3re mia\u0142o miejsce do momentu wycofania zgody.<br>Ma Pan\/i tak\u017ce prawo do przenoszenia danych (w szczeg\u00f3lno\u015bci historii transakcji).<br>Przys\u0142uguje Pani\/u prawo wniesienia skargi do organu nadzorczego.<\/p>\n","protected":false},"excerpt":{"rendered":"<p>Informacje o przetwarzaniu danych Administratorem Pani\/a danych osobowych jest Zbigniew Mo\u017cd\u017ce\u0144 zamieszka\u0142y przy ulicy Poniatowskiego 21 m. 1, 37-500 Jaros\u0142aw, e-mail: iod@moc.biz.pl W sprawach zwi\u0105zanych z Pani\/a danymi prosz\u0119 kontaktowa\u0107 si\u0119 z Inspektorem Ochrony Danych, e-mail iod@moc.biz.pl Dane b\u0119d\u0105 przetwarzane w celu wykonania us\u0142ug dost\u0119pnych w serwisach internetowych na podstawie Pani\/a zgody.Dane mog\u0105 by\u0107 udost\u0119pniane <\/p>\n<div class=\"read-more-text\"><a href=\"https:\/\/moc.biz.pl\/?page_id=3\" class=\"read-more\">continue reading<\/a><\/div>\n","protected":false},"author":1,"featured_media":0,"parent":0,"menu_order":0,"comment_status":"closed","ping_status":"open","template":"","meta":{"_monsterinsights_skip_tracking":false,"_monsterinsights_sitenote_active":false,"_monsterinsights_sitenote_note":"","_monsterinsights_sitenote_category":0,"footnotes":""},"class_list":["post-3","page","type-page","status-publish","hentry"],"aioseo_notices":[],"_links":{"self":[{"href":"https:\/\/moc.biz.pl\/index.php?rest_route=\/wp\/v2\/pages\/3","targetHints":{"allow":["GET"]}}],"collection":[{"href":"https:\/\/moc.biz.pl\/index.php?rest_route=\/wp\/v2\/pages"}],"about":[{"href":"https:\/\/moc.biz.pl\/index.php?rest_route=\/wp\/v2\/types\/page"}],"author":[{"embeddable":true,"href":"https:\/\/moc.biz.pl\/index.php?rest_route=\/wp\/v2\/users\/1"}],"replies":[{"embeddable":true,"href":"https:\/\/moc.biz.pl\/index.php?rest_route=%2Fwp%2Fv2%2Fcomments&post=3"}],"version-history":[{"count":1,"href":"https:\/\/moc.biz.pl\/index.php?rest_route=\/wp\/v2\/pages\/3\/revisions"}],"predecessor-version":[{"id":118,"href":"https:\/\/moc.biz.pl\/index.php?rest_route=\/wp\/v2\/pages\/3\/revisions\/118"}],"wp:attachment":[{"href":"https:\/\/moc.biz.pl\/index.php?rest_route=%2Fwp%2Fv2%2Fmedia&parent=3"}],"curies":[{"name":"wp","href":"https:\/\/api.w.org\/{rel}","templated":true}]}}