{"id":280,"date":"2021-03-19T18:19:23","date_gmt":"2021-03-19T18:19:23","guid":{"rendered":"http:\/\/moc.biz.pl\/?page_id=280"},"modified":"2021-03-22T15:41:51","modified_gmt":"2021-03-22T15:41:51","slug":"najczestsze-pytania","status":"publish","type":"page","link":"https:\/\/moc.biz.pl\/?page_id=280","title":{"rendered":"Najcz\u0119stsze pytania"},"content":{"rendered":"\n<h2 class=\"wp-block-heading\">Jaki jest termin realizacji zam\u00f3wienia? <\/h2>\n\n\n\n<p>Termin realizacji zam\u00f3wienia zale\u017cy od rodzaju i przeznaczenia wozu, s\u0105 to ustalania indywidualne. <\/p>\n\n\n\n<h2 class=\"wp-block-heading\">Jakie s\u0105 mo\u017cliwo\u015bci transportowe? <\/h2>\n\n\n\n<p>Transport odbywa si\u0119 na lawecie &#8211; nie stanowi to problemu wielokrotnie by\u0142y transportowane na du\u017ce odleg\u0142o\u015bci (Pozna\u0144, Gda\u0144sk itp) <\/p>\n\n\n\n<h2 class=\"wp-block-heading\">Jak w\u00f3z jest zabezpieczony przed w\u0142amaniem? <\/h2>\n\n\n\n<p>W drzwiach wej\u015bciowych zamontowane s\u0105 dwa zamki, ponadto na zewn\u0105trz sztaba zamykana k\u0142\u00f3dk\u0105. Klapa zamykana od \u015brodka na trzy zasuwy. Wyj\u0105tkowo dobrze zabezpieczony przed w\u0142amaniem i kradzie\u017c\u0105. <\/p>\n\n\n\n<h2 class=\"wp-block-heading\">Jaka jest grubo\u015b\u0107 burty wozu i z czego si\u0119 ona sk\u0142ada? <\/h2>\n\n\n\n<p>Grubo\u015b\u0107 burty wozu wynosi oko\u0142o 70mm, sk\u0142ada si\u0119 (od zewn\u0105trz) z deski grubo\u015bci 28mm, izolacji termicznej styropian 30mm, oraz p\u0142yty pil\u015bniowej lakierowanej 5mm. G\u00f3ra wozu dodatkowo pokryta jest blach\u0105 ocynkowan\u0105, kt\u00f3r\u0105 przykrywa plandeka. <\/p>\n\n\n\n<h2 class=\"wp-block-heading\">Jak w\u00f3z jest zabezpieczony przed z\u0142\u0105 pogod\u0105, nisk\u0105, wysok\u0105 temperatur\u0105? <\/h2>\n\n\n\n<p>Warstwowa konstrukcja wozu (opisana wy\u017cej) stanowi odpowiednie zabezpieczenie przed zmiennymi warunkami pogodowymi. Dowodem na to jest fakt, \u017ce funkcjonuj\u0105 one ju\u017c kilka lat (najstarszy w\u00f3z funkcjonuje jako punkt ma\u0142ej gastronomii od 10 lat) niezale\u017cnie od pory roku. <\/p>\n\n\n\n<h2 class=\"wp-block-heading\">Jakie wyposa\u017cenie jest w standardzie? <\/h2>\n\n\n\n<p>Wyposa\u017cenie standardowe obejmuje p\u00f3\u0142ki, lad\u0119, wewn\u0119trzn\u0105 instalacj\u0119 elektryczn\u0105. Wszelkie inne przystosowania zale\u017c\u0105 od ustale\u0144 z klientem. <\/p>\n\n\n\n<h2 class=\"wp-block-heading\">Jak pod\u0142\u0105cza si\u0119 pr\u0105d, wod\u0119, odp\u0142yw? <\/h2>\n\n\n\n<p>Pod\u0142\u0105czenia dokonuje si\u0119 do wewn\u0119trznych instalacji, kt\u00f3re s\u0105 wykonane w zale\u017cno\u015bci od przeznaczenia wozu (np. w\u00f3z handlowy przystosowany do gastronomii ma wewn\u0119trzn\u0105 instalacj\u0119 elektryczn\u0105, wodn\u0105 oraz odp\u0142yw). <\/p>\n\n\n\n<h2 class=\"wp-block-heading\">Z oferty wynika, \u017ce w wozach sprzedawane s\u0105 bardzo r\u00f3\u017cne produkty; czy wszystkie te wozy s\u0105 takie same? <\/h2>\n\n\n\n<p>Ka\u017cdy z nich by\u0142 wykonany i przystosowany do funkcji handlowych jakie spe\u0142nia i jakie s\u0105 wymagania stawiane np. przez SANEPID oraz zgodne z \u017cyczeniami klienta. <\/p>\n\n\n\n<h2 class=\"wp-block-heading\">Czy w razie zam\u00f3wienia wi\u0119kszej ilo\u015bci woz\u00f3w mo\u017cna liczy\u0107 na rabat? <\/h2>\n\n\n\n<h2 class=\"wp-block-heading\">Zapraszam do negocjacji.<\/h2>\n","protected":false},"excerpt":{"rendered":"<p>Jaki jest termin realizacji zam\u00f3wienia? Termin realizacji zam\u00f3wienia zale\u017cy od rodzaju i przeznaczenia wozu, s\u0105 to ustalania indywidualne. Jakie s\u0105 mo\u017cliwo\u015bci transportowe? Transport odbywa si\u0119 na lawecie &#8211; nie stanowi to problemu wielokrotnie by\u0142y transportowane na du\u017ce odleg\u0142o\u015bci (Pozna\u0144, Gda\u0144sk itp) Jak w\u00f3z jest zabezpieczony przed w\u0142amaniem? W drzwiach wej\u015bciowych zamontowane s\u0105 dwa zamki, ponadto <\/p>\n<div class=\"read-more-text\"><a href=\"https:\/\/moc.biz.pl\/?page_id=280\" class=\"read-more\">continue reading<\/a><\/div>\n","protected":false},"author":1,"featured_media":0,"parent":0,"menu_order":0,"comment_status":"closed","ping_status":"closed","template":"","meta":{"_monsterinsights_skip_tracking":false,"_monsterinsights_sitenote_active":false,"_monsterinsights_sitenote_note":"","_monsterinsights_sitenote_category":0,"footnotes":""},"class_list":["post-280","page","type-page","status-publish","hentry"],"aioseo_notices":[],"_links":{"self":[{"href":"https:\/\/moc.biz.pl\/index.php?rest_route=\/wp\/v2\/pages\/280","targetHints":{"allow":["GET"]}}],"collection":[{"href":"https:\/\/moc.biz.pl\/index.php?rest_route=\/wp\/v2\/pages"}],"about":[{"href":"https:\/\/moc.biz.pl\/index.php?rest_route=\/wp\/v2\/types\/page"}],"author":[{"embeddable":true,"href":"https:\/\/moc.biz.pl\/index.php?rest_route=\/wp\/v2\/users\/1"}],"replies":[{"embeddable":true,"href":"https:\/\/moc.biz.pl\/index.php?rest_route=%2Fwp%2Fv2%2Fcomments&post=280"}],"version-history":[{"count":2,"href":"https:\/\/moc.biz.pl\/index.php?rest_route=\/wp\/v2\/pages\/280\/revisions"}],"predecessor-version":[{"id":335,"href":"https:\/\/moc.biz.pl\/index.php?rest_route=\/wp\/v2\/pages\/280\/revisions\/335"}],"wp:attachment":[{"href":"https:\/\/moc.biz.pl\/index.php?rest_route=%2Fwp%2Fv2%2Fmedia&parent=280"}],"curies":[{"name":"wp","href":"https:\/\/api.w.org\/{rel}","templated":true}]}}